{"id":1982,"date":"2016-08-10T08:51:55","date_gmt":"2016-08-10T12:51:55","guid":{"rendered":"https:\/\/maritimaeducare.org\/novosti\/"},"modified":"2022-05-18T02:48:43","modified_gmt":"2022-05-18T06:48:43","slug":"novosti","status":"publish","type":"page","link":"https:\/\/maritimaeducare.org\/hr\/novosti\/","title":{"rendered":"Novosti"},"content":{"rendered":"<div class=\"fusion-fullwidth fullwidth-box fusion-builder-row-1 fusion-flex-container hundred-percent-fullwidth non-hundred-percent-height-scrolling\" style=\"--awb-background-position:left top;--awb-border-sizes-top:0px;--awb-border-sizes-bottom:0px;--awb-border-sizes-left:0px;--awb-border-sizes-right:0px;--awb-border-radius-top-left:0px;--awb-border-radius-top-right:0px;--awb-border-radius-bottom-right:0px;--awb-border-radius-bottom-left:0px;--awb-padding-top:150px;--awb-padding-right:5.5%;--awb-padding-bottom:150px;--awb-padding-left:5.5%;--awb-background-color:#f7f7f7;--awb-flex-wrap:wrap;\" ><div class=\"fusion-builder-row fusion-row fusion-flex-align-items-flex-start fusion-flex-content-wrap\" style=\"width:calc( 100% + 0px ) !important;max-width:calc( 100% + 0px ) !important;margin-left: calc(-0px \/ 2 );margin-right: calc(-0px \/ 2 );\"><div class=\"fusion-layout-column fusion_builder_column fusion-builder-column-0 fusion_builder_column_1_1 1_1 fusion-flex-column\" style=\"--awb-bg-size:cover;--awb-width-large:100%;--awb-margin-top-large:0px;--awb-spacing-right-large:0px;--awb-margin-bottom-large:20px;--awb-spacing-left-large:0px;--awb-width-medium:100%;--awb-spacing-right-medium:0px;--awb-spacing-left-medium:0px;--awb-width-small:100%;--awb-spacing-right-small:0px;--awb-spacing-left-small:0px;\"><div class=\"fusion-column-wrapper fusion-flex-justify-content-flex-start fusion-content-layout-column\"><div class=\"fusion-blog-shortcode fusion-blog-shortcode-1 fusion-blog-archive fusion-blog-layout-grid-wrapper fusion-blog-infinite\"><style type=\"text\/css\">.fusion-blog-shortcode-1 .fusion-blog-layout-grid .fusion-post-grid{padding:25px;}.fusion-blog-shortcode-1 .fusion-posts-container{margin-left: -25px !important; margin-right:-25px !important;}<\/style><div class=\"fusion-posts-container fusion-posts-container-infinite fusion-posts-container-load-more fusion-blog-rollover fusion-blog-layout-grid fusion-blog-layout-grid-3 isotope\" data-pages=\"1\" data-grid-col-space=\"50\" style=\"margin: -25px -25px 0;min-height:500px;\"><article id=\"blog-1-post-2009\" class=\"fusion-post-grid post-2009 post type-post status-publish format-standard has-post-thumbnail hentry category-programi tag-eu-hr\">\n<div class=\"fusion-post-wrapper\" style=\"background-color:rgba(255,255,255,0);border:1px solid #ebeaea;border-bottom-width:3px;\">\n\n\t\t\t<div class=\"fusion-flexslider flexslider fusion-flexslider-loading fusion-post-slideshow\" style=\"border-color:#ebeaea;\">\n\t\t<ul class=\"slides\">\n\t\t\t\n\t\t\t\t\t\t\t\t\t\t\t\t\t\t<li><div  class=\"fusion-image-wrapper\" aria-haspopup=\"true\">\n\t\t\t\t<img decoding=\"async\" width=\"1024\" height=\"650\" src=\"https:\/\/maritimaeducare.org\/wp-content\/uploads\/2022\/05\/naslovna.jpg\" class=\"attachment-full size-full wp-post-image\" alt=\"\" srcset=\"https:\/\/maritimaeducare.org\/wp-content\/uploads\/2022\/05\/naslovna-200x127.jpg 200w, https:\/\/maritimaeducare.org\/wp-content\/uploads\/2022\/05\/naslovna-400x254.jpg 400w, https:\/\/maritimaeducare.org\/wp-content\/uploads\/2022\/05\/naslovna-600x381.jpg 600w, https:\/\/maritimaeducare.org\/wp-content\/uploads\/2022\/05\/naslovna-800x508.jpg 800w, https:\/\/maritimaeducare.org\/wp-content\/uploads\/2022\/05\/naslovna.jpg 1024w\" sizes=\"(min-width: 2200px) 100vw, (min-width: 960px) 357px, (min-width: 800px) 535px, (min-width: 640px) 800px, \" \/><div class=\"fusion-rollover\">\n\t<div class=\"fusion-rollover-content\">\n\n\t\t\t\t\n\t\t\n\t\t\t\t\t\t\t\t\t\t\t\t<h4 class=\"fusion-rollover-title\">\n\t\t\t\t\t<a class=\"fusion-rollover-title-link\" href=\"https:\/\/maritimaeducare.org\/hr\/projekt-zajedrimo-u-europu\/\">\n\t\t\t\t\t\tProjekt &#8221;Zajedrimo u Europu&#8221;\t\t\t\t\t<\/a>\n\t\t\t\t<\/h4>\n\t\t\t\n\t\t\t\t\t\t\t\t\n\t\t\n\t\t\t\t\t\t<a class=\"fusion-link-wrapper\" href=\"https:\/\/maritimaeducare.org\/hr\/projekt-zajedrimo-u-europu\/\" aria-label=\"Projekt &#8221;Zajedrimo u Europu&#8221;\"><\/a>\n\t<\/div>\n<\/div>\n<\/div>\n<\/li>\n\t\t\t\n\t\t\t\n\t\t\t\t\t\t\t\t\t\t\t\t\t\t\t\t\t\t\t\t\t\t\t\t\t\t\t\t\t\t\t\t\t\t\t\t\t\t\t\t\t\t\t\t\t\t\t\t\t\t\t\t\t\t\t\t\t\t\t\t\t\t\t\t\t\t\t\t<\/ul>\n\t<\/div>\n\t<div class=\"fusion-post-content-wrapper\" style=\"padding:30px 25px 20px 25px;\"><div class=\"fusion-post-content post-content\"><h2 class=\"blog-shortcode-post-title entry-title\">Projekt &#8221;Zajedrimo u Europu&#8221;<\/h2><div class=\"fusion-content-sep sep-single sep-solid\"><\/div><div class=\"fusion-post-content-container\"><p> Projekt ''Zajedrimo u Europu''  Provodimo projekt pod nazivom ''Zajedrimo u Europu'' kojim se promovira te na interesantan i originalan na\u010din predstavlja bogata kulturno-povijesna ba\u0161tina otoka, a u\u010denicima bra\u010dkih \u0161kola se pru\u017ea prilika da<\/p><\/div><\/div><div class=\"fusion-meta-info\"><div class=\"fusion-alignleft\"><a class=\"fusion-read-more\" href=\"https:\/\/maritimaeducare.org\/hr\/projekt-zajedrimo-u-europu\/\" aria-label=\"More on Projekt &#8221;Zajedrimo u Europu&#8221;\">Read More<\/a><\/div><\/div><\/div><div class=\"fusion-clearfix\"><\/div><\/div>\n<\/article>\n<article id=\"blog-1-post-1973\" class=\"fusion-post-grid post-1973 post type-post status-publish format-standard has-post-thumbnail hentry category-programi tag-esc-volontiranje tag-eu-hr tag-program-hr\">\n<div class=\"fusion-post-wrapper\" style=\"background-color:rgba(255,255,255,0);border:1px solid #ebeaea;border-bottom-width:3px;\">\n\n\t\t\t<div class=\"fusion-flexslider flexslider fusion-flexslider-loading fusion-post-slideshow\" style=\"border-color:#ebeaea;\">\n\t\t<ul class=\"slides\">\n\t\t\t\n\t\t\t\t\t\t\t\t\t\t\t\t\t\t<li><div  class=\"fusion-image-wrapper\" aria-haspopup=\"true\">\n\t\t\t\t<img decoding=\"async\" width=\"1024\" height=\"650\" src=\"https:\/\/maritimaeducare.org\/wp-content\/uploads\/2022\/04\/NASLOVNA.jpg\" class=\"attachment-full size-full wp-post-image\" alt=\"\" srcset=\"https:\/\/maritimaeducare.org\/wp-content\/uploads\/2022\/04\/NASLOVNA-200x127.jpg 200w, https:\/\/maritimaeducare.org\/wp-content\/uploads\/2022\/04\/NASLOVNA-400x254.jpg 400w, https:\/\/maritimaeducare.org\/wp-content\/uploads\/2022\/04\/NASLOVNA-600x381.jpg 600w, https:\/\/maritimaeducare.org\/wp-content\/uploads\/2022\/04\/NASLOVNA-800x508.jpg 800w, https:\/\/maritimaeducare.org\/wp-content\/uploads\/2022\/04\/NASLOVNA.jpg 1024w\" sizes=\"(min-width: 2200px) 100vw, (min-width: 960px) 357px, (min-width: 800px) 535px, (min-width: 640px) 800px, \" \/><div class=\"fusion-rollover\">\n\t<div class=\"fusion-rollover-content\">\n\n\t\t\t\t\n\t\t\n\t\t\t\t\t\t\t\t\t\t\t\t<h4 class=\"fusion-rollover-title\">\n\t\t\t\t\t<a class=\"fusion-rollover-title-link\" href=\"https:\/\/maritimaeducare.org\/hr\/learn-live-share\/\">\n\t\t\t\t\t\tLearn-Live-Share\t\t\t\t\t<\/a>\n\t\t\t\t<\/h4>\n\t\t\t\n\t\t\t\t\t\t\t\t\n\t\t\n\t\t\t\t\t\t<a class=\"fusion-link-wrapper\" href=\"https:\/\/maritimaeducare.org\/hr\/learn-live-share\/\" aria-label=\"Learn-Live-Share\"><\/a>\n\t<\/div>\n<\/div>\n<\/div>\n<\/li>\n\t\t\t\n\t\t\t\n\t\t\t\t\t\t\t\t\t\t\t\t\t\t\t\t\t\t\t\t\t\t\t\t\t\t\t\t\t\t\t\t\t\t\t\t\t\t\t\t\t\t\t\t\t\t\t\t\t\t\t\t\t\t\t\t\t\t\t\t\t\t\t\t\t\t\t\t<\/ul>\n\t<\/div>\n\t<div class=\"fusion-post-content-wrapper\" style=\"padding:30px 25px 20px 25px;\"><div class=\"fusion-post-content post-content\"><h2 class=\"blog-shortcode-post-title entry-title\">Learn-Live-Share<\/h2><div class=\"fusion-content-sep sep-single sep-solid\"><\/div><div class=\"fusion-post-content-container\"><p> Learn-Live-Share Misija Maritime educare je o\u010duvanje i promoviranje vje\u0161tina i pri\u010da hrvatske maritimne ba\u0161tine u \u010demu nam poma\u017eu volonteri na 3-mjese\u010dnom projektu Europskih Snaga Solidarnosti Learn-Live-Share(aktivnost individualnog volontiranja). Ovaj projekt je usredoto\u010den na u\u010denike<\/p><\/div><\/div><div class=\"fusion-meta-info\"><div class=\"fusion-alignleft\"><a class=\"fusion-read-more\" href=\"https:\/\/maritimaeducare.org\/hr\/learn-live-share\/\" aria-label=\"More on Learn-Live-Share\">Read More<\/a><\/div><\/div><\/div><div class=\"fusion-clearfix\"><\/div><\/div>\n<\/article>\n<article id=\"blog-1-post-1970\" class=\"fusion-post-grid post-1970 post type-post status-publish format-standard has-post-thumbnail hentry category-festival tag-esc-volontiranje tag-eu-hr tag-festivali tag-program-hr\">\n<div class=\"fusion-post-wrapper\" style=\"background-color:rgba(255,255,255,0);border:1px solid #ebeaea;border-bottom-width:3px;\">\n\n\t\t\t<div class=\"fusion-flexslider flexslider fusion-flexslider-loading fusion-post-slideshow\" style=\"border-color:#ebeaea;\">\n\t\t<ul class=\"slides\">\n\t\t\t\n\t\t\t\t\t\t\t\t\t\t\t\t\t\t<li><div  class=\"fusion-image-wrapper\" aria-haspopup=\"true\">\n\t\t\t\t<img decoding=\"async\" width=\"1024\" height=\"650\" src=\"https:\/\/maritimaeducare.org\/wp-content\/uploads\/2022\/04\/NASLOVNA-1.jpg\" class=\"attachment-full size-full wp-post-image\" alt=\"\" srcset=\"https:\/\/maritimaeducare.org\/wp-content\/uploads\/2022\/04\/NASLOVNA-1-200x127.jpg 200w, https:\/\/maritimaeducare.org\/wp-content\/uploads\/2022\/04\/NASLOVNA-1-400x254.jpg 400w, https:\/\/maritimaeducare.org\/wp-content\/uploads\/2022\/04\/NASLOVNA-1-600x381.jpg 600w, https:\/\/maritimaeducare.org\/wp-content\/uploads\/2022\/04\/NASLOVNA-1-800x508.jpg 800w, https:\/\/maritimaeducare.org\/wp-content\/uploads\/2022\/04\/NASLOVNA-1.jpg 1024w\" sizes=\"(min-width: 2200px) 100vw, (min-width: 960px) 357px, (min-width: 800px) 535px, (min-width: 640px) 800px, \" \/><div class=\"fusion-rollover\">\n\t<div class=\"fusion-rollover-content\">\n\n\t\t\t\t\n\t\t\n\t\t\t\t\t\t\t\t\t\t\t\t<h4 class=\"fusion-rollover-title\">\n\t\t\t\t\t<a class=\"fusion-rollover-title-link\" href=\"https:\/\/maritimaeducare.org\/hr\/step-into-the-story\/\">\n\t\t\t\t\t\tStep into the Story\t\t\t\t\t<\/a>\n\t\t\t\t<\/h4>\n\t\t\t\n\t\t\t\t\t\t\t\t\n\t\t\n\t\t\t\t\t\t<a class=\"fusion-link-wrapper\" href=\"https:\/\/maritimaeducare.org\/hr\/step-into-the-story\/\" aria-label=\"Step into the Story\"><\/a>\n\t<\/div>\n<\/div>\n<\/div>\n<\/li>\n\t\t\t\n\t\t\t\n\t\t\t\t\t\t\t\t\t\t\t\t\t\t\t\t\t\t\t\t\t\t\t\t\t\t\t\t\t\t\t\t\t\t\t\t\t\t\t\t\t\t\t\t\t\t\t\t\t\t\t\t\t\t\t\t\t\t\t\t\t\t\t\t\t\t\t\t<\/ul>\n\t<\/div>\n\t<div class=\"fusion-post-content-wrapper\" style=\"padding:30px 25px 20px 25px;\"><div class=\"fusion-post-content post-content\"><h2 class=\"blog-shortcode-post-title entry-title\">Step into the Story<\/h2><div class=\"fusion-content-sep sep-single sep-solid\"><\/div><div class=\"fusion-post-content-container\"><p> Step into the Story S namjerom da unaprijedimo kvalitetu \u017eivota na\u0161e male zajednice u Sumartinu, a ujedno i pru\u017eimo volonterima ESS jedinstveno i autenti\u010dno kulturalno iskustvo, MEA je kreirala program volontiranja koji asistira starijim<\/p><\/div><\/div><div class=\"fusion-meta-info\"><div class=\"fusion-alignleft\"><a class=\"fusion-read-more\" href=\"https:\/\/maritimaeducare.org\/hr\/step-into-the-story\/\" aria-label=\"More on Step into the Story\">Read More<\/a><\/div><\/div><\/div><div class=\"fusion-clearfix\"><\/div><\/div>\n<\/article>\n<div class=\"fusion-clearfix\"><\/div><\/div><\/div><\/div><\/div><\/div><\/div>\n","protected":false},"excerpt":{"rendered":"","protected":false},"author":1,"featured_media":0,"parent":0,"menu_order":0,"comment_status":"closed","ping_status":"closed","template":"100-width.php","meta":{"inline_featured_image":false,"footnotes":""},"class_list":["post-1982","page","type-page","status-publish","hentry"],"_links":{"self":[{"href":"https:\/\/maritimaeducare.org\/hr\/wp-json\/wp\/v2\/pages\/1982","targetHints":{"allow":["GET"]}}],"collection":[{"href":"https:\/\/maritimaeducare.org\/hr\/wp-json\/wp\/v2\/pages"}],"about":[{"href":"https:\/\/maritimaeducare.org\/hr\/wp-json\/wp\/v2\/types\/page"}],"author":[{"embeddable":true,"href":"https:\/\/maritimaeducare.org\/hr\/wp-json\/wp\/v2\/users\/1"}],"replies":[{"embeddable":true,"href":"https:\/\/maritimaeducare.org\/hr\/wp-json\/wp\/v2\/comments?post=1982"}],"version-history":[{"count":5,"href":"https:\/\/maritimaeducare.org\/hr\/wp-json\/wp\/v2\/pages\/1982\/revisions"}],"predecessor-version":[{"id":1987,"href":"https:\/\/maritimaeducare.org\/hr\/wp-json\/wp\/v2\/pages\/1982\/revisions\/1987"}],"wp:attachment":[{"href":"https:\/\/maritimaeducare.org\/hr\/wp-json\/wp\/v2\/media?parent=1982"}],"curies":[{"name":"wp","href":"https:\/\/api.w.org\/{rel}","templated":true}]}}